{"id":343,"date":"2025-04-17T11:27:04","date_gmt":"2025-04-17T09:27:04","guid":{"rendered":"https:\/\/creators-for-europe-united.ag-prop.com\/brief-unterzeichnen\/"},"modified":"2025-05-04T21:16:49","modified_gmt":"2025-05-04T19:16:49","slug":"brief-unterzeichnen","status":"publish","type":"page","link":"https:\/\/creators-for-europe-united.eu\/de\/brief-unterzeichnen\/","title":{"rendered":"Offenen Brief unterzeichnen"},"content":{"rendered":"\n<div class=\"wp-block-group is-layout-constrained wp-block-group-is-layout-constrained\" style=\"padding-bottom:var(--wp--preset--spacing--60)\">\n<h1 class=\"wp-block-heading has-purple-color has-text-color has-link-color wp-elements-e66b0f5bc24a817aaf6d90c440ee9b50\">Offenen Brief unterzeichnen<\/h1>\n<\/div>\n\n\n\n<div class=\"wp-block-group is-layout-constrained wp-block-group-is-layout-constrained\">        <div class=\"petitioner\">\n                    <h2 class=\"petitioner__title\">\n            Offener Brief        <\/h2>\n            <form\n            id=\"petitioner-form-350\"\n            method=\"get\"\n            action=\"https:\/\/creators-for-europe-united.eu\/wp-admin\/admin-ajax.php?action=petitioner_form_submit\">\n\n                    <div class=\"petitioner__input\">\n            <label for=\"petitioner_fname\">\n                Vor- und Nachname            <\/label>\n            <input\n                type=\"text\"\n                id=\"petitioner_fname\"\n                required                name=\"petitioner_fname\">\n        <\/div>\n\n            <div class=\"petitioner__input\">\n            <label for=\"petitioner_lname\">\n                Beruf            <\/label>\n            <input\n                type=\"text\"\n                id=\"petitioner_lname\"\n                required                name=\"petitioner_lname\">\n        <\/div>\n\n            <div class=\"petitioner__input\">\n            <label for=\"petitioner_email\">\n                E-Mail            <\/label>\n            <input\n                type=\"email\"\n                id=\"petitioner_email\"\n                required                name=\"petitioner_email\">\n        <\/div>\n\n            <div class=\"petitioner__input petitioner__input--checkbox\">\n            <label for=\"petitioner_accept_tos\">\n                Einwilligung Datenschutz: Sie k\u00f6nnen Ihre Einwilligung jederzeit widerrufen. Durch den Widerruf wird die Rechtm\u00e4\u00dfigkeit der aufgrund der Einwilligung bis zum Widerruf erfolgten Verarbeitung nicht ber\u00fchrt. Rechtsgrundlage der Datenverarbeitung ist Ihre Einwilligung, Art. 6 Abs. 1 Satz 1 Buchst. a DSGVO.            <\/label>\n            <input\n                type=\"checkbox\"\n                id=\"petitioner_accept_tos\"\n                name=\"petitioner_accept_tos\"\n                 required \/>\n        <\/div>\n            <div\n            id=\"petitioner_legal\"\n            class=\"petitioner_legal petitioner-disclaimer-text\">\n            <p><span style=\"font-family: 'Atkinson Hyperlegible Next', sans-serif;font-size: 16px\">Ich bin einverstanden, dass die von mir gemachten Angaben (Name und Beruf) als Unterstu\u0308tzer und Unterst&uuml;tzerin der Initiative Creators for Europe United fu\u0308r jedermann zug&auml;nglich im Internet ver&ouml;ffentlicht werden. Die Angabe des Namens ist ein Pflichtfeld, weil nur durch die &ouml;ffentliche Nennung des Namens zugleich die Zustimmung zum Inhalt des Offenen Briefes sinnvoll bekundet werden kann.<\/span><\/p>        <\/div>\n            <button type=\"submit\" class=\"petitioner__btn petitioner__btn--submit\">\n            Unterzeichnen        <\/button>\n\n            <input type=\"hidden\" name=\"form_id\" value=\"350\">\n\n                    \n        \n                    <span class=\"petitioner-h-captcha-container\"><\/span>\n            <input type=\"hidden\" name=\"petitioner-h-captcha-response\" class=\"petitioner-h-captcha-response\">\n            <p class=\"petitioner-disclaimer-text\">\n                Diese Seite ist durch hCaptcha gesch\u00fctzt und es gelten die <a href=\"https:\/\/www.hcaptcha.com\/privacy\" target=\"_blank\" rel=\"noopener noreferrer\">Privacy Policy<\/a> und <a href=\"https:\/\/www.hcaptcha.com\/terms\" target=\"_blank\" rel=\"noopener noreferrer\">Terms of Service<\/a>.            <\/p>\n        \n            \n        <\/form>\n                <div class=\"petitioner__response\">\n                <h3><\/h3>\n                <p><\/p>\n            <\/div>\n\n        <\/div>\n    \n<\/div>\n\n\n\n<div class=\"wp-block-group is-layout-constrained wp-block-group-is-layout-constrained\">\n<p class=\"has-medium-font-size\" style=\"line-height:1.6\"><strong><mark style=\"background-color:rgba(0, 0, 0, 0)\" class=\"has-inline-color has-purple-color\">Bitte verifizieren Sie Ihre Signatur, indem Sie auf den Verifizierungslink in Ihrer E-Mail klicken.<\/mark> <\/strong>Bitte \u00fcberpr\u00fcfen Sie ggf. Ihren Spam-Ordner. Das Versenden der E-Mail kann ein paar Minuten dauern.  <strong><mark style=\"background-color:rgba(0, 0, 0, 0)\" class=\"has-inline-color has-orange-color\">Ihre Unterschrift wird erst nach erfolgreicher Best\u00e4tigung auf unserer Website ver\u00f6ffentlicht.<\/mark><\/strong><\/p>\n<\/div>\n","protected":false},"excerpt":{"rendered":"<p>Offenen Brief unterzeichnen Bitte verifizieren Sie Ihre Signatur, indem Sie auf den Verifizierungslink in Ihrer E-Mail klicken. Bitte \u00fcberpr\u00fcfen Sie ggf. Ihren Spam-Ordner. Das Versenden der E-Mail kann ein paar Minuten dauern. Ihre Unterschrift wird erst nach erfolgreicher Best\u00e4tigung auf unserer Website ver\u00f6ffentlicht.<\/p>\n","protected":false},"author":2,"featured_media":0,"parent":0,"menu_order":0,"comment_status":"closed","ping_status":"closed","template":"","meta":{"_acf_changed":false,"footnotes":""},"class_list":["post-343","page","type-page","status-publish","hentry"],"acf":[],"_links":{"self":[{"href":"https:\/\/creators-for-europe-united.eu\/de\/wp-json\/wp\/v2\/pages\/343","targetHints":{"allow":["GET"]}}],"collection":[{"href":"https:\/\/creators-for-europe-united.eu\/de\/wp-json\/wp\/v2\/pages"}],"about":[{"href":"https:\/\/creators-for-europe-united.eu\/de\/wp-json\/wp\/v2\/types\/page"}],"author":[{"embeddable":true,"href":"https:\/\/creators-for-europe-united.eu\/de\/wp-json\/wp\/v2\/users\/2"}],"replies":[{"embeddable":true,"href":"https:\/\/creators-for-europe-united.eu\/de\/wp-json\/wp\/v2\/comments?post=343"}],"version-history":[{"count":22,"href":"https:\/\/creators-for-europe-united.eu\/de\/wp-json\/wp\/v2\/pages\/343\/revisions"}],"predecessor-version":[{"id":1589,"href":"https:\/\/creators-for-europe-united.eu\/de\/wp-json\/wp\/v2\/pages\/343\/revisions\/1589"}],"wp:attachment":[{"href":"https:\/\/creators-for-europe-united.eu\/de\/wp-json\/wp\/v2\/media?parent=343"}],"curies":[{"name":"wp","href":"https:\/\/api.w.org\/{rel}","templated":true}]}}